{"id":76,"date":"2023-03-27T16:56:35","date_gmt":"2023-03-27T14:56:35","guid":{"rendered":"http:\/\/packentransition.com\/?page_id=76"},"modified":"2024-12-06T18:26:13","modified_gmt":"2024-12-06T17:26:13","slug":"adherer-a-lassociation-pack-en-transition","status":"publish","type":"page","link":"https:\/\/packentransition.com\/index.php\/adherer-a-lassociation-pack-en-transition\/","title":{"rendered":"adh\u00e9rer \u00e0 l&#8217;association PACK EN TRANSITION"},"content":{"rendered":"\n<p>Vous \u00eates industriel fabricant d&#8217;emballages (plastique, papier, carton, verre, cellulose moul\u00e9e&#8230;), transformateurs d&#8217;emballages (impression, d\u00e9coupe&#8230;?), utilisateurs d&#8217;emballages (IAA, cosm\u00e9tique&#8230;), &#8230;?<\/p>\n\n\n\n<p>L&#8217;adh\u00e9sion est ouverte \u00e0 toute entreprise du territoire fran\u00e7ais, souhaitant \u00eatre au coeur de l&#8217;\u00e9volution des emballages. Vous trouverez les conditions dans le lien ci-dessous. Pensez \u00e0 nous contacter auparavant pour un premier \u00e9change \ud83d\ude09<\/p>\n\n\n\n<p><em><a href=\"http:\/\/packentransition.com\/wp-content\/uploads\/2024\/12\/Adhesion-PackT-2025.pdf\" data-type=\"URL\" data-id=\"http:\/\/packentransition.com\/wp-content\/uploads\/2024\/12\/Adhesion-PackT-2025.pdf\">bulletin d&#8217;adh\u00e9sion 2025 \u00e0 Pack en Transition (t\u00e9l\u00e9charger)<\/a><\/em><\/p>\n\n\n\n<p><\/p>\n","protected":false},"excerpt":{"rendered":"<p>Vous \u00eates industriel fabricant d&#8217;emballages (plastique, papier, carton, verre, cellulose moul\u00e9e&#8230;), transformateurs d&#8217;emballages (impression, d\u00e9coupe&#8230;?), utilisateurs d&#8217;emballages (IAA, cosm\u00e9tique&#8230;), &#8230;?&hellip;<\/p>\n","protected":false},"author":1,"featured_media":0,"parent":0,"menu_order":0,"comment_status":"closed","ping_status":"closed","template":"","meta":[],"_links":{"self":[{"href":"https:\/\/packentransition.com\/index.php\/wp-json\/wp\/v2\/pages\/76"}],"collection":[{"href":"https:\/\/packentransition.com\/index.php\/wp-json\/wp\/v2\/pages"}],"about":[{"href":"https:\/\/packentransition.com\/index.php\/wp-json\/wp\/v2\/types\/page"}],"author":[{"embeddable":true,"href":"https:\/\/packentransition.com\/index.php\/wp-json\/wp\/v2\/users\/1"}],"replies":[{"embeddable":true,"href":"https:\/\/packentransition.com\/index.php\/wp-json\/wp\/v2\/comments?post=76"}],"version-history":[{"count":6,"href":"https:\/\/packentransition.com\/index.php\/wp-json\/wp\/v2\/pages\/76\/revisions"}],"predecessor-version":[{"id":164,"href":"https:\/\/packentransition.com\/index.php\/wp-json\/wp\/v2\/pages\/76\/revisions\/164"}],"wp:attachment":[{"href":"https:\/\/packentransition.com\/index.php\/wp-json\/wp\/v2\/media?parent=76"}],"curies":[{"name":"wp","href":"https:\/\/api.w.org\/{rel}","templated":true}]}}