{"id":52,"date":"2021-04-01T15:20:03","date_gmt":"2021-04-01T13:20:03","guid":{"rendered":"http:\/\/packentransition.com\/?page_id=52"},"modified":"2025-12-22T10:26:10","modified_gmt":"2025-12-22T09:26:10","slug":"actualites","status":"publish","type":"page","link":"https:\/\/packentransition.com\/index.php\/actualites\/","title":{"rendered":"Actualit\u00e9s"},"content":{"rendered":"\n<figure class=\"wp-block-image size-large is-resized\"><img decoding=\"async\" loading=\"lazy\" src=\"https:\/\/packentransition.com\/wp-content\/uploads\/2025\/12\/Calendrier-2026-1024x576.jpg\" alt=\"\" class=\"wp-image-202\" width=\"901\" height=\"506\" srcset=\"https:\/\/packentransition.com\/wp-content\/uploads\/2025\/12\/Calendrier-2026-1024x576.jpg 1024w, https:\/\/packentransition.com\/wp-content\/uploads\/2025\/12\/Calendrier-2026-300x169.jpg 300w, https:\/\/packentransition.com\/wp-content\/uploads\/2025\/12\/Calendrier-2026-768x432.jpg 768w, https:\/\/packentransition.com\/wp-content\/uploads\/2025\/12\/Calendrier-2026-1536x864.jpg 1536w, https:\/\/packentransition.com\/wp-content\/uploads\/2025\/12\/Calendrier-2026-2048x1152.jpg 2048w, https:\/\/packentransition.com\/wp-content\/uploads\/2025\/12\/Calendrier-2026-1140x641.jpg 1140w, https:\/\/packentransition.com\/wp-content\/uploads\/2025\/12\/Calendrier-2026-720x405.jpg 720w\" sizes=\"(max-width: 901px) 100vw, 901px\" \/><figcaption class=\"wp-element-caption\"><br><br><strong>NOUVEAU! La bo\u00eete \u00e0 outils: audits, ateliers et formations pour vous accompagner dans la transition<\/strong><\/figcaption><\/figure>\n\n\n\n<figure class=\"wp-block-image size-large\"><img decoding=\"async\" loading=\"lazy\" width=\"1024\" height=\"576\" src=\"https:\/\/packentransition.com\/wp-content\/uploads\/2025\/04\/calendrier-1024x576.jpg\" alt=\"\" class=\"wp-image-187\" srcset=\"https:\/\/packentransition.com\/wp-content\/uploads\/2025\/04\/calendrier-1024x576.jpg 1024w, https:\/\/packentransition.com\/wp-content\/uploads\/2025\/04\/calendrier-300x169.jpg 300w, https:\/\/packentransition.com\/wp-content\/uploads\/2025\/04\/calendrier-768x432.jpg 768w, https:\/\/packentransition.com\/wp-content\/uploads\/2025\/04\/calendrier-1536x864.jpg 1536w, https:\/\/packentransition.com\/wp-content\/uploads\/2025\/04\/calendrier-1140x641.jpg 1140w, https:\/\/packentransition.com\/wp-content\/uploads\/2025\/04\/calendrier-720x405.jpg 720w, https:\/\/packentransition.com\/wp-content\/uploads\/2025\/04\/calendrier.jpg 1920w\" sizes=\"(max-width: 1024px) 100vw, 1024px\" \/><figcaption class=\"wp-element-caption\"><br><br><strong>NOUVEAU! La bo\u00eete \u00e0 outils: audits, ateliers et formations pour vous accompagner dans la transition<\/strong><\/figcaption><\/figure>\n\n\n\n<figure class=\"wp-block-image size-full\"><img decoding=\"async\" loading=\"lazy\" width=\"960\" height=\"540\" src=\"https:\/\/packentransition.com\/wp-content\/uploads\/2025\/02\/la-boite-a-outils_1-1.jpg\" alt=\"\" class=\"wp-image-171\" srcset=\"https:\/\/packentransition.com\/wp-content\/uploads\/2025\/02\/la-boite-a-outils_1-1.jpg 960w, https:\/\/packentransition.com\/wp-content\/uploads\/2025\/02\/la-boite-a-outils_1-1-300x169.jpg 300w, https:\/\/packentransition.com\/wp-content\/uploads\/2025\/02\/la-boite-a-outils_1-1-768x432.jpg 768w, https:\/\/packentransition.com\/wp-content\/uploads\/2025\/02\/la-boite-a-outils_1-1-720x405.jpg 720w\" sizes=\"(max-width: 960px) 100vw, 960px\" \/><figcaption class=\"wp-element-caption\">La bo\u00eete \u00e0 aoutils des adh\u00e9rents \u00e0 Pack en Transition<\/figcaption><\/figure>\n\n\n\n<figure class=\"wp-block-image size-large\"><img decoding=\"async\" loading=\"lazy\" width=\"1024\" height=\"579\" src=\"https:\/\/packentransition.com\/wp-content\/uploads\/2025\/04\/bluenote-1024x579.png\" alt=\"\" class=\"wp-image-178\" srcset=\"https:\/\/packentransition.com\/wp-content\/uploads\/2025\/04\/bluenote-1024x579.png 1024w, https:\/\/packentransition.com\/wp-content\/uploads\/2025\/04\/bluenote-300x170.png 300w, https:\/\/packentransition.com\/wp-content\/uploads\/2025\/04\/bluenote-768x434.png 768w, https:\/\/packentransition.com\/wp-content\/uploads\/2025\/04\/bluenote.png 1116w\" sizes=\"(max-width: 1024px) 100vw, 1024px\" \/><figcaption class=\"wp-element-caption\">Audit environnemental de portefeuille emballages<\/figcaption><\/figure>\n\n\n\n<figure class=\"wp-block-image size-large\"><img decoding=\"async\" loading=\"lazy\" width=\"1024\" height=\"575\" src=\"https:\/\/packentransition.com\/wp-content\/uploads\/2025\/04\/ateliers-1024x575.png\" alt=\"\" class=\"wp-image-180\" srcset=\"https:\/\/packentransition.com\/wp-content\/uploads\/2025\/04\/ateliers-1024x575.png 1024w, https:\/\/packentransition.com\/wp-content\/uploads\/2025\/04\/ateliers-300x168.png 300w, https:\/\/packentransition.com\/wp-content\/uploads\/2025\/04\/ateliers-768x431.png 768w, https:\/\/packentransition.com\/wp-content\/uploads\/2025\/04\/ateliers-720x405.png 720w, https:\/\/packentransition.com\/wp-content\/uploads\/2025\/04\/ateliers.png 1122w\" sizes=\"(max-width: 1024px) 100vw, 1024px\" \/><figcaption class=\"wp-element-caption\">Les ateliers<\/figcaption><\/figure>\n\n\n\n<figure class=\"wp-block-image size-full\"><img decoding=\"async\" loading=\"lazy\" width=\"960\" height=\"540\" src=\"http:\/\/packentransition.com\/wp-content\/uploads\/2025\/05\/formations-Pack-Eko_boite-a-outils-PackT.jpg\" alt=\"\" class=\"wp-image-191\" srcset=\"https:\/\/packentransition.com\/wp-content\/uploads\/2025\/05\/formations-Pack-Eko_boite-a-outils-PackT.jpg 960w, https:\/\/packentransition.com\/wp-content\/uploads\/2025\/05\/formations-Pack-Eko_boite-a-outils-PackT-300x169.jpg 300w, https:\/\/packentransition.com\/wp-content\/uploads\/2025\/05\/formations-Pack-Eko_boite-a-outils-PackT-768x432.jpg 768w, https:\/\/packentransition.com\/wp-content\/uploads\/2025\/05\/formations-Pack-Eko_boite-a-outils-PackT-720x405.jpg 720w\" sizes=\"(max-width: 960px) 100vw, 960px\" \/><figcaption class=\"wp-element-caption\">Formation<\/figcaption><\/figure>\n\n\n\n<figure class=\"wp-block-image size-full\"><img decoding=\"async\" loading=\"lazy\" width=\"960\" height=\"540\" src=\"https:\/\/packentransition.com\/wp-content\/uploads\/2025\/05\/Formation-Xeko_boite-a-outils_PackT.png\" alt=\"\" class=\"wp-image-193\" srcset=\"https:\/\/packentransition.com\/wp-content\/uploads\/2025\/05\/Formation-Xeko_boite-a-outils_PackT.png 960w, https:\/\/packentransition.com\/wp-content\/uploads\/2025\/05\/Formation-Xeko_boite-a-outils_PackT-300x169.png 300w, https:\/\/packentransition.com\/wp-content\/uploads\/2025\/05\/Formation-Xeko_boite-a-outils_PackT-768x432.png 768w, https:\/\/packentransition.com\/wp-content\/uploads\/2025\/05\/Formation-Xeko_boite-a-outils_PackT-720x405.png 720w\" sizes=\"(max-width: 960px) 100vw, 960px\" \/><figcaption class=\"wp-element-caption\">Formation<\/figcaption><\/figure>\n\n\n\n<figure class=\"wp-block-image size-large\"><img decoding=\"async\" loading=\"lazy\" width=\"1024\" height=\"571\" src=\"https:\/\/packentransition.com\/wp-content\/uploads\/2025\/04\/veille-et-tendances-1024x571.png\" alt=\"\" class=\"wp-image-181\" srcset=\"https:\/\/packentransition.com\/wp-content\/uploads\/2025\/04\/veille-et-tendances-1024x571.png 1024w, https:\/\/packentransition.com\/wp-content\/uploads\/2025\/04\/veille-et-tendances-300x167.png 300w, https:\/\/packentransition.com\/wp-content\/uploads\/2025\/04\/veille-et-tendances-768x428.png 768w, https:\/\/packentransition.com\/wp-content\/uploads\/2025\/04\/veille-et-tendances.png 1120w\" sizes=\"(max-width: 1024px) 100vw, 1024px\" \/><figcaption class=\"wp-element-caption\">Veille &amp; tendance<\/figcaption><\/figure>\n","protected":false},"excerpt":{"rendered":"","protected":false},"author":1,"featured_media":0,"parent":0,"menu_order":0,"comment_status":"closed","ping_status":"closed","template":"","meta":[],"_links":{"self":[{"href":"https:\/\/packentransition.com\/index.php\/wp-json\/wp\/v2\/pages\/52"}],"collection":[{"href":"https:\/\/packentransition.com\/index.php\/wp-json\/wp\/v2\/pages"}],"about":[{"href":"https:\/\/packentransition.com\/index.php\/wp-json\/wp\/v2\/types\/page"}],"author":[{"embeddable":true,"href":"https:\/\/packentransition.com\/index.php\/wp-json\/wp\/v2\/users\/1"}],"replies":[{"embeddable":true,"href":"https:\/\/packentransition.com\/index.php\/wp-json\/wp\/v2\/comments?post=52"}],"version-history":[{"count":16,"href":"https:\/\/packentransition.com\/index.php\/wp-json\/wp\/v2\/pages\/52\/revisions"}],"predecessor-version":[{"id":203,"href":"https:\/\/packentransition.com\/index.php\/wp-json\/wp\/v2\/pages\/52\/revisions\/203"}],"wp:attachment":[{"href":"https:\/\/packentransition.com\/index.php\/wp-json\/wp\/v2\/media?parent=52"}],"curies":[{"name":"wp","href":"https:\/\/api.w.org\/{rel}","templated":true}]}}