{"id":11,"date":"2021-02-26T12:03:45","date_gmt":"2021-02-26T11:03:45","guid":{"rendered":"http:\/\/packentransition.com\/?page_id=11"},"modified":"2026-03-10T08:51:35","modified_gmt":"2026-03-10T07:51:35","slug":"decouvrir-pack-en-transition","status":"publish","type":"page","link":"https:\/\/packentransition.com\/","title":{"rendered":"Ouvrons les yeux sur nos emballages!"},"content":{"rendered":"\n<p id=\"accueil\"><em><strong>Apr\u00e8s d\u00e9j\u00e0 deux ann\u00e9es d&#8217;existence et de rencontres,<\/strong><\/em><br><em><strong>Pack en Transition vous convie \u00e0 participer \u00e0 l&#8217;\u00e9volution de nos emballages!<\/strong><\/em><\/p>\n\n\n\n<p><strong>Parce que la transition impose :<br>\u2022 un nouveau regard sur nos emballages,<br>\u2022 une vision partag\u00e9e industrielle et soci\u00e9tale,<\/strong><br><strong><strong>\u2022<\/strong> la d\u00e9finition de perspectives claires<\/strong>.<\/p>\n\n\n\n<p>Parce que le futur s\u2019\u00e9crit au pr\u00e9sent, ouvrons les yeux sur nos emballages.<\/p>\n\n\n\n<p>Notre regroupement de professionnels de l&#8217;emballage et d\u2019industriels utilisateurs d&#8217;emballages travaillera en lien avec les collectivit\u00e9s (qui g\u00e8rent nos d\u00e9chets d\u2019emballages) et aussi avec les associations de consommateurs (qui ont besoin de comprendre le v\u00e9ritable r\u00f4le des emballages).<br>Les projets pourront \u00eatre communs \u00e0 ces diff\u00e9rents groupes d&#8217;acteurs pour construire de concert ce que seront les emballages de la transition.<\/p>\n\n\n\n<h2 id=\"actualites\">Actualit\u00e9s<\/h2>\n\n\n\n<div class=\"is-layout-flex wp-container-4 wp-block-columns\">\n<div class=\"is-layout-flow wp-block-column\">\n<figure class=\"wp-block-image size-full\"><img decoding=\"async\" loading=\"lazy\" width=\"800\" height=\"450\" src=\"http:\/\/packentransition.com\/wp-content\/uploads\/2026\/03\/dropack_barquette.jpg\" alt=\"\" class=\"wp-image-206\" srcset=\"https:\/\/packentransition.com\/wp-content\/uploads\/2026\/03\/dropack_barquette.jpg 800w, https:\/\/packentransition.com\/wp-content\/uploads\/2026\/03\/dropack_barquette-300x169.jpg 300w, https:\/\/packentransition.com\/wp-content\/uploads\/2026\/03\/dropack_barquette-768x432.jpg 768w, https:\/\/packentransition.com\/wp-content\/uploads\/2026\/03\/dropack_barquette-720x405.jpg 720w\" sizes=\"(max-width: 800px) 100vw, 800px\" \/><\/figure>\n<\/div>\n\n\n\n<div class=\"is-layout-flow wp-block-column\">\n<h2>Le projet Dropack s&#8217;expose au CFIA<\/h2>\n<\/div>\n\n\n\n<div class=\"is-layout-flow wp-block-column\">\n<figure class=\"wp-block-image size-full\"><img decoding=\"async\" loading=\"lazy\" width=\"190\" height=\"212\" src=\"http:\/\/packentransition.com\/wp-content\/uploads\/2026\/03\/dropack_logo.jpg\" alt=\"\" class=\"wp-image-207\"\/><\/figure>\n<\/div>\n<\/div>\n\n\n\n<p>Guelt et Europlastiques, partenaires du projet port\u00e9 par Pack en Transition, se sont associ\u00e9s pour pr\u00e9senter la barquette r\u00e9employable embl\u00e9matique du projet: vous la d\u00e9couvrirez sur la <em><strong>Vitrine\u00a0Innovations Emballages<\/strong>\u00a0(Hall 1 \u2013 Stand A33)<\/em>.<\/p>\n\n\n\n<p><strong>Dropack<\/strong>, c&#8217;est une barquette\u00a0plastique r\u00e9employable standardis\u00e9e, compatible avec les exigences industrielles et pens\u00e9e pour les usages consommateurs.<\/p>\n\n\n\n<p><strong>Curieux d&#8217;en savoir plus? Rencontrez Europlastiques sur leur stand Hall 1 stand E25, ou Guelt, qui vous accueillera Hall 10 stand H25.<\/strong><\/p>\n\n\n\n<p><strong>Interress\u00e9 par Pack en Transition? Nous organisons un moment de convivialit\u00e9 mercredi, faisons connaissance!<\/strong><\/p>\n\n\n\n<p>Ce temps d&#8217;\u00e9change, sans discours ni recommandation, nous permettra de partager nos projets et les enjeux du secteur. Nous aurons plaisir \u00e0 vous y rencontrer.<\/p>\n\n\n\n<p>\ud83d\udccc\u00a0Stand <strong>10-H25<\/strong> (Guelt)<br>\ud83d\udcc5\u00a0Mercredi 11 mars, 17h-19h<\/p>\n\n\n\n<figure class=\"wp-block-image size-large\"><img decoding=\"async\" loading=\"lazy\" width=\"1024\" height=\"576\" src=\"http:\/\/packentransition.com\/wp-content\/uploads\/2025\/12\/Calendrier-2026-1024x576.jpg\" alt=\"calendrier Pack en Transition 2026\" class=\"wp-image-202\" srcset=\"https:\/\/packentransition.com\/wp-content\/uploads\/2025\/12\/Calendrier-2026-1024x576.jpg 1024w, https:\/\/packentransition.com\/wp-content\/uploads\/2025\/12\/Calendrier-2026-300x169.jpg 300w, https:\/\/packentransition.com\/wp-content\/uploads\/2025\/12\/Calendrier-2026-768x432.jpg 768w, https:\/\/packentransition.com\/wp-content\/uploads\/2025\/12\/Calendrier-2026-1536x864.jpg 1536w, https:\/\/packentransition.com\/wp-content\/uploads\/2025\/12\/Calendrier-2026-2048x1152.jpg 2048w, https:\/\/packentransition.com\/wp-content\/uploads\/2025\/12\/Calendrier-2026-1140x641.jpg 1140w, https:\/\/packentransition.com\/wp-content\/uploads\/2025\/12\/Calendrier-2026-720x405.jpg 720w\" sizes=\"(max-width: 1024px) 100vw, 1024px\" \/><\/figure>\n\n\n\n<h2 id=\"adhesion\">Adh\u00e9rer \u00e0 Pack en Transition<\/h2>\n\n\n\n<p>Vous \u00eates industriel fabricant d&#8217;emballages (plastique, papier, carton, verre, cellulose moul\u00e9e&#8230;), transformateurs d&#8217;emballages (impression, d\u00e9coupe&#8230;?), utilisateurs d&#8217;emballages (IAA, cosm\u00e9tique&#8230;), &#8230;?<\/p>\n\n\n\n<p>L&#8217;adh\u00e9sion est ouverte \u00e0 toute entreprise du territoire fran\u00e7ais, souhaitant \u00eatre au coeur de l&#8217;\u00e9volution des emballages. Vous trouverez les conditions dans le lien ci-dessous. Pensez \u00e0 nous contacter auparavant pour un premier \u00e9change \ud83d\ude09<\/p>\n\n\n\n<p><em><a href=\"http:\/\/packentransition.com\/wp-content\/uploads\/2024\/12\/Adhesion-PackT-2025.pdf\" data-type=\"URL\" data-id=\"http:\/\/packentransition.com\/wp-content\/uploads\/2024\/12\/Adhesion-PackT-2025.pdf\">bulletin d&#8217;adh\u00e9sion 2025 \u00e0 Pack en Transition (t\u00e9l\u00e9charger)<\/a><\/em><\/p>\n\n\n\n<h2>NOUVEAU! La bo\u00eete \u00e0 outils: audits, ateliers et formations pour vous accompagner dans la transition<\/h2>\n\n\n\n<figure class=\"wp-block-image size-full\"><img decoding=\"async\" loading=\"lazy\" width=\"960\" height=\"540\" src=\"http:\/\/packentransition.com\/wp-content\/uploads\/2025\/02\/la-boite-a-outils_1-1.jpg\" alt=\"\" class=\"wp-image-171\" srcset=\"https:\/\/packentransition.com\/wp-content\/uploads\/2025\/02\/la-boite-a-outils_1-1.jpg 960w, https:\/\/packentransition.com\/wp-content\/uploads\/2025\/02\/la-boite-a-outils_1-1-300x169.jpg 300w, https:\/\/packentransition.com\/wp-content\/uploads\/2025\/02\/la-boite-a-outils_1-1-768x432.jpg 768w, https:\/\/packentransition.com\/wp-content\/uploads\/2025\/02\/la-boite-a-outils_1-1-720x405.jpg 720w\" sizes=\"(max-width: 960px) 100vw, 960px\" \/><figcaption class=\"wp-element-caption\">La bo\u00eete \u00e0 outils des adh\u00e9rents \u00e0 Pack en Transition<\/figcaption><\/figure>\n\n\n\n<figure class=\"wp-block-image size-large\"><img decoding=\"async\" loading=\"lazy\" width=\"1024\" height=\"579\" src=\"http:\/\/packentransition.com\/wp-content\/uploads\/2025\/04\/bluenote-1024x579.png\" alt=\"\" class=\"wp-image-178\" srcset=\"https:\/\/packentransition.com\/wp-content\/uploads\/2025\/04\/bluenote-1024x579.png 1024w, https:\/\/packentransition.com\/wp-content\/uploads\/2025\/04\/bluenote-300x170.png 300w, https:\/\/packentransition.com\/wp-content\/uploads\/2025\/04\/bluenote-768x434.png 768w, https:\/\/packentransition.com\/wp-content\/uploads\/2025\/04\/bluenote.png 1116w\" sizes=\"(max-width: 1024px) 100vw, 1024px\" \/><figcaption class=\"wp-element-caption\">Audit environnemental de portefeuille emballages<\/figcaption><\/figure>\n\n\n\n<figure class=\"wp-block-image size-large\"><img decoding=\"async\" loading=\"lazy\" width=\"1024\" height=\"575\" src=\"http:\/\/packentransition.com\/wp-content\/uploads\/2025\/04\/ateliers-1024x575.png\" alt=\"\" class=\"wp-image-180\" srcset=\"https:\/\/packentransition.com\/wp-content\/uploads\/2025\/04\/ateliers-1024x575.png 1024w, https:\/\/packentransition.com\/wp-content\/uploads\/2025\/04\/ateliers-300x168.png 300w, https:\/\/packentransition.com\/wp-content\/uploads\/2025\/04\/ateliers-768x431.png 768w, https:\/\/packentransition.com\/wp-content\/uploads\/2025\/04\/ateliers-720x405.png 720w, https:\/\/packentransition.com\/wp-content\/uploads\/2025\/04\/ateliers.png 1122w\" sizes=\"(max-width: 1024px) 100vw, 1024px\" \/><figcaption class=\"wp-element-caption\">Les ateliers<\/figcaption><\/figure>\n\n\n\n<figure class=\"wp-block-image size-full\"><img decoding=\"async\" loading=\"lazy\" width=\"960\" height=\"540\" src=\"https:\/\/packentransition.com\/wp-content\/uploads\/2025\/05\/formations-Pack-Eko_boite-a-outils-PackT.jpg\" alt=\"\" class=\"wp-image-191\" srcset=\"https:\/\/packentransition.com\/wp-content\/uploads\/2025\/05\/formations-Pack-Eko_boite-a-outils-PackT.jpg 960w, https:\/\/packentransition.com\/wp-content\/uploads\/2025\/05\/formations-Pack-Eko_boite-a-outils-PackT-300x169.jpg 300w, https:\/\/packentransition.com\/wp-content\/uploads\/2025\/05\/formations-Pack-Eko_boite-a-outils-PackT-768x432.jpg 768w, https:\/\/packentransition.com\/wp-content\/uploads\/2025\/05\/formations-Pack-Eko_boite-a-outils-PackT-720x405.jpg 720w\" sizes=\"(max-width: 960px) 100vw, 960px\" \/><figcaption class=\"wp-element-caption\">Formation<\/figcaption><\/figure>\n\n\n\n<figure class=\"wp-block-image size-full\"><img decoding=\"async\" loading=\"lazy\" width=\"960\" height=\"540\" src=\"http:\/\/packentransition.com\/wp-content\/uploads\/2025\/05\/Formation-Xeko_boite-a-outils_PackT.png\" alt=\"\" class=\"wp-image-193\" srcset=\"https:\/\/packentransition.com\/wp-content\/uploads\/2025\/05\/Formation-Xeko_boite-a-outils_PackT.png 960w, https:\/\/packentransition.com\/wp-content\/uploads\/2025\/05\/Formation-Xeko_boite-a-outils_PackT-300x169.png 300w, https:\/\/packentransition.com\/wp-content\/uploads\/2025\/05\/Formation-Xeko_boite-a-outils_PackT-768x432.png 768w, https:\/\/packentransition.com\/wp-content\/uploads\/2025\/05\/Formation-Xeko_boite-a-outils_PackT-720x405.png 720w\" sizes=\"(max-width: 960px) 100vw, 960px\" \/><figcaption class=\"wp-element-caption\">formation<\/figcaption><\/figure>\n\n\n\n<figure class=\"wp-block-image size-large\"><img decoding=\"async\" loading=\"lazy\" width=\"1024\" height=\"571\" src=\"http:\/\/packentransition.com\/wp-content\/uploads\/2025\/04\/veille-et-tendances-1024x571.png\" alt=\"\" class=\"wp-image-181\" srcset=\"https:\/\/packentransition.com\/wp-content\/uploads\/2025\/04\/veille-et-tendances-1024x571.png 1024w, https:\/\/packentransition.com\/wp-content\/uploads\/2025\/04\/veille-et-tendances-300x167.png 300w, https:\/\/packentransition.com\/wp-content\/uploads\/2025\/04\/veille-et-tendances-768x428.png 768w, https:\/\/packentransition.com\/wp-content\/uploads\/2025\/04\/veille-et-tendances.png 1120w\" sizes=\"(max-width: 1024px) 100vw, 1024px\" \/><figcaption class=\"wp-element-caption\">Veille &amp; tendances<\/figcaption><\/figure>\n\n\n\n<h2 id=\"contact\">contact et infos<\/h2>\n\n\n\n<p>Pack en Transition est une Association loi 1901 d\u00e9clar\u00e9e, et enregistr\u00e9e sous le n\u00b0 W563013075<\/p>\n\n\n\n<p>Pour contacter l&#8217;association, cliquer <a href=\"mailto:conseil@packentransition.com\">ici<\/a><\/p>\n\n\n\n<p>conseil (@) packentransition.com<\/p>\n","protected":false},"excerpt":{"rendered":"<p>Apr\u00e8s d\u00e9j\u00e0 deux ann\u00e9es d&#8217;existence et de rencontres,Pack en Transition vous convie \u00e0 participer \u00e0 l&#8217;\u00e9volution de nos emballages! Parce&hellip;<\/p>\n","protected":false},"author":1,"featured_media":0,"parent":0,"menu_order":0,"comment_status":"closed","ping_status":"closed","template":"","meta":[],"_links":{"self":[{"href":"https:\/\/packentransition.com\/index.php\/wp-json\/wp\/v2\/pages\/11"}],"collection":[{"href":"https:\/\/packentransition.com\/index.php\/wp-json\/wp\/v2\/pages"}],"about":[{"href":"https:\/\/packentransition.com\/index.php\/wp-json\/wp\/v2\/types\/page"}],"author":[{"embeddable":true,"href":"https:\/\/packentransition.com\/index.php\/wp-json\/wp\/v2\/users\/1"}],"replies":[{"embeddable":true,"href":"https:\/\/packentransition.com\/index.php\/wp-json\/wp\/v2\/comments?post=11"}],"version-history":[{"count":50,"href":"https:\/\/packentransition.com\/index.php\/wp-json\/wp\/v2\/pages\/11\/revisions"}],"predecessor-version":[{"id":208,"href":"https:\/\/packentransition.com\/index.php\/wp-json\/wp\/v2\/pages\/11\/revisions\/208"}],"wp:attachment":[{"href":"https:\/\/packentransition.com\/index.php\/wp-json\/wp\/v2\/media?parent=11"}],"curies":[{"name":"wp","href":"https:\/\/api.w.org\/{rel}","templated":true}]}}